{"id":45,"date":"2022-11-16T10:45:06","date_gmt":"2022-11-16T10:45:06","guid":{"rendered":"http:\/\/vps380072.ovh.net\/?page_id=45"},"modified":"2023-01-11T20:00:19","modified_gmt":"2023-01-11T20:00:19","slug":"contact","status":"publish","type":"page","link":"http:\/\/bousquet.expert\/index.php\/contact\/","title":{"rendered":"CONTACT"},"content":{"rendered":"<p><span style=\"font-size: 46.0pt; font-family: NothingYouCouldDo; color: white;\">CONTACTEZ-moi ! <\/span><\/p>\n<p><b><span style=\"font-size: 34.0pt; font-family: 'MyriadPro','sans-serif';\">Olivier BOUSQUET <\/span><\/b><\/p>\n<p><b><span style=\"font-size: 28.0pt; font-family: 'MyriadPro','sans-serif';\">6 B, rue Andr\u00e9 Roucou<\/span><\/b><\/p>\n<p><b><span style=\"font-size: 28.0pt; font-family: 'MyriadPro','sans-serif';\">24100 BERGERAC<\/span><\/b><\/p>\n<p><b><span style=\"font-size: 28.0pt; font-family: 'MyriadPro','sans-serif';\">+33 6 09 58 78 63<a name=\"_GoBack\"><\/a><\/span><\/b><\/p>\n<p><b><span style=\"font-size: 28.0pt; font-family: 'MyriadPro','sans-serif';\">olivier@bousquet.expert <\/span><\/b><\/p>\n<p><a href=\"https:\/\/www.facebook.com\/olivier.bousquet.expertise\"><img decoding=\"async\" loading=\"lazy\" class=\"alignleft wp-image-101 size-full\" src=\"http:\/\/vps380072.ovh.net\/wp-content\/uploads\/2017\/07\/e316f544f9094143b9eac01f1f19e697.png\" alt=\"\" width=\"200\" height=\"200\" srcset=\"http:\/\/bousquet.expert\/wp-content\/uploads\/2017\/07\/e316f544f9094143b9eac01f1f19e697.png 200w, http:\/\/bousquet.expert\/wp-content\/uploads\/2017\/07\/e316f544f9094143b9eac01f1f19e697-150x150.png 150w\" sizes=\"(max-width: 200px) 100vw, 200px\" \/><\/a><a href=\"https:\/\/www.linkedin.com\/in\/bousquet-expertise-bousquet-826375124\"><img decoding=\"async\" loading=\"lazy\" class=\"alignright wp-image-102\" src=\"http:\/\/vps380072.ovh.net\/wp-content\/uploads\/2017\/07\/partners-linkedin-icon-v2.png\" alt=\"\" width=\"222\" height=\"222\" srcset=\"http:\/\/bousquet.expert\/wp-content\/uploads\/2017\/07\/partners-linkedin-icon-v2.png 300w, http:\/\/bousquet.expert\/wp-content\/uploads\/2017\/07\/partners-linkedin-icon-v2-150x150.png 150w\" sizes=\"(max-width: 222px) 100vw, 222px\" \/><\/a><\/p>\n<p>&nbsp;<\/p>\n<p><iframe loading=\"lazy\" style=\"border: 0;\" src=\"https:\/\/www.google.com\/maps\/embed?pb=!1m18!1m12!1m3!1d1414.1632422275136!2d0.45706965825885365!3d44.85564789615591!2m3!1f0!2f0!3f0!3m2!1i1024!2i768!4f13.1!3m3!1m2!1s0x0%3A0x33217cc2cb77e711!2zNDTCsDUxJzIwLjMiTiAwwrAyNycyOS40IkU!5e0!3m2!1sen!2sfr!4v1673463229589!5m2!1sen!2sfr\" allowfullscreen=\"allowfullscreen\" width=\"600\" height=\"450\" frameborder=\"0\"><\/iframe><br \/>\n<div role=\"form\" class=\"wpcf7\" id=\"wpcf7-f53-o1\" lang=\"fr-FR\" dir=\"ltr\">\n<div class=\"screen-reader-response\"><p role=\"status\" aria-live=\"polite\" aria-atomic=\"true\"><\/p> <ul><\/ul><\/div>\n<form action=\"\/index.php\/wp-json\/wp\/v2\/pages\/45#wpcf7-f53-o1\" method=\"post\" class=\"wpcf7-form init\" novalidate=\"novalidate\" data-status=\"init\">\n<div style=\"display: none;\">\n<input type=\"hidden\" name=\"_wpcf7\" value=\"53\" \/>\n<input type=\"hidden\" name=\"_wpcf7_version\" value=\"5.5.6\" \/>\n<input type=\"hidden\" name=\"_wpcf7_locale\" value=\"fr_FR\" \/>\n<input type=\"hidden\" name=\"_wpcf7_unit_tag\" value=\"wpcf7-f53-o1\" \/>\n<input type=\"hidden\" name=\"_wpcf7_container_post\" value=\"0\" \/>\n<input type=\"hidden\" name=\"_wpcf7_posted_data_hash\" value=\"\" \/>\n<\/div>\n<p><label> Votre nom (obligatoire)<br \/>\n    <span class=\"wpcf7-form-control-wrap your-name\"><input type=\"text\" name=\"your-name\" value=\"\" size=\"40\" class=\"wpcf7-form-control wpcf7-text wpcf7-validates-as-required\" aria-required=\"true\" aria-invalid=\"false\" \/><\/span> <\/label><\/p>\n<p><label> Votre e-mail (obligatoire)<br \/>\n    <span class=\"wpcf7-form-control-wrap your-email\"><input type=\"email\" name=\"your-email\" value=\"\" size=\"40\" class=\"wpcf7-form-control wpcf7-text wpcf7-email wpcf7-validates-as-required wpcf7-validates-as-email\" aria-required=\"true\" aria-invalid=\"false\" \/><\/span> <\/label><\/p>\n<p><label> T\u00e9l\u00e9phone<br \/>\n    <span class=\"wpcf7-form-control-wrap your-telephone\"><input type=\"text\" name=\"your-telephone\" value=\"\" size=\"40\" class=\"wpcf7-form-control wpcf7-text wpcf7-validates-as-required\" aria-required=\"true\" aria-invalid=\"false\" \/><\/span> <\/label><\/p>\n<p><label> Sujet<br \/>\n    <span class=\"wpcf7-form-control-wrap your-subject\"><input type=\"text\" name=\"your-subject\" value=\"\" size=\"40\" class=\"wpcf7-form-control wpcf7-text\" aria-invalid=\"false\" \/><\/span> <\/label><\/p>\n<p><label> Votre message<br \/>\n    <span class=\"wpcf7-form-control-wrap your-message\"><textarea name=\"your-message\" cols=\"40\" rows=\"10\" class=\"wpcf7-form-control wpcf7-textarea\" aria-invalid=\"false\"><\/textarea><\/span> <\/label><\/p>\n<p><input type=\"submit\" value=\"Envoyer\" class=\"wpcf7-form-control has-spinner wpcf7-submit\" \/><\/p>\n<p style=\"display: none !important;\"><label>&#916;<textarea name=\"_wpcf7_ak_hp_textarea\" cols=\"45\" rows=\"8\" maxlength=\"100\"><\/textarea><\/label><input type=\"hidden\" id=\"ak_js_1\" name=\"_wpcf7_ak_js\" value=\"52\"\/><script>document.getElementById( \"ak_js_1\" ).setAttribute( \"value\", ( new Date() ).getTime() );<\/script><\/p><div class=\"wpcf7-response-output\" aria-hidden=\"true\"><\/div><\/form><\/div><\/p>\n","protected":false},"excerpt":{"rendered":"<div class=\"slide-text-bg2\"><span>CONTACTEZ-moi ! Olivier BOUSQUET 6 B, rue Andr\u00e9 Roucou 24100 BERGERAC +33 6 09 58 78 63 olivier@bousquet.expert &nbsp;<\/span><\/div>\n","protected":false},"author":1,"featured_media":0,"parent":0,"menu_order":0,"comment_status":"closed","ping_status":"closed","template":"","meta":{"_mi_skip_tracking":false,"ngg_post_thumbnail":0,"spay_email":""},"yoast_head":"<!-- This site is optimized with the Yoast SEO plugin v18.4.1 - https:\/\/yoast.com\/wordpress\/plugins\/seo\/ -->\n<title>CONTACT &raquo; BOUSQUET EXPERTISE BATIMENT<\/title>\n<meta name=\"robots\" content=\"index, follow, max-snippet:-1, max-image-preview:large, max-video-preview:-1\" \/>\n<link rel=\"canonical\" href=\"http:\/\/bousquet.expert\/index.php\/contact\/\" \/>\n<meta property=\"og:locale\" content=\"fr_FR\" \/>\n<meta property=\"og:type\" content=\"article\" \/>\n<meta property=\"og:title\" content=\"CONTACT &raquo; BOUSQUET EXPERTISE BATIMENT\" \/>\n<meta property=\"og:description\" content=\"CONTACTEZ-moi ! Olivier BOUSQUET 6 B, rue Andr\u00e9 Roucou 24100 BERGERAC +33 6 09 58 78 63 olivier@bousquet.expert &nbsp;\" \/>\n<meta property=\"og:url\" content=\"http:\/\/bousquet.expert\/index.php\/contact\/\" \/>\n<meta property=\"og:site_name\" content=\"BOUSQUET EXPERTISE BATIMENT\" \/>\n<meta property=\"article:publisher\" content=\"https:\/\/www.facebook.com\/BousquetExpertiseBergerac\/\" \/>\n<meta property=\"article:modified_time\" content=\"2023-01-11T20:00:19+00:00\" \/>\n<meta property=\"og:image\" content=\"http:\/\/vps380072.ovh.net\/wp-content\/uploads\/2017\/07\/e316f544f9094143b9eac01f1f19e697.png\" \/>\n<meta name=\"twitter:card\" content=\"summary_large_image\" \/>\n<meta name=\"twitter:label1\" content=\"Dur\u00e9e de lecture estim\u00e9e\" \/>\n\t<meta name=\"twitter:data1\" content=\"1 minute\" \/>\n<script type=\"application\/ld+json\" class=\"yoast-schema-graph\">{\"@context\":\"https:\/\/schema.org\",\"@graph\":[{\"@type\":\"Organization\",\"@id\":\"http:\/\/bousquet.expert\/#organization\",\"name\":\"BOUSQUET EXPERTISE\",\"url\":\"http:\/\/bousquet.expert\/\",\"sameAs\":[\"https:\/\/www.facebook.com\/BousquetExpertiseBergerac\/\",\"https:\/\/www.linkedin.com\/in\/bousquet-expertise-bousquet-826375124\/\"],\"logo\":{\"@type\":\"ImageObject\",\"@id\":\"http:\/\/bousquet.expert\/#logo\",\"inLanguage\":\"fr-FR\",\"url\":\"http:\/\/bousquet.expert\/wp-content\/uploads\/2017\/07\/cropped-70e76d_cf9e7961eb854c03abfdac575d75ff99-mv2-1.png\",\"contentUrl\":\"http:\/\/bousquet.expert\/wp-content\/uploads\/2017\/07\/cropped-70e76d_cf9e7961eb854c03abfdac575d75ff99-mv2-1.png\",\"width\":240,\"height\":308,\"caption\":\"BOUSQUET EXPERTISE\"},\"image\":{\"@id\":\"http:\/\/bousquet.expert\/#logo\"}},{\"@type\":\"WebSite\",\"@id\":\"http:\/\/bousquet.expert\/#website\",\"url\":\"http:\/\/bousquet.expert\/\",\"name\":\"BOUSQUET EXPERTISE B\u00e2timent\",\"description\":\"Ing\u00e9nieur g\u00e9nie-civil, maintenance, s\u00e9curit\u00e9 incendie. Expert technique b\u00e2timent Dordogne - Bergerac - Bordeaux - Gironde - Lot Et Garonne - Corr\u00e8ze - Lot - Pau - Nouvelle Aquitiane\",\"publisher\":{\"@id\":\"http:\/\/bousquet.expert\/#organization\"},\"potentialAction\":[{\"@type\":\"SearchAction\",\"target\":{\"@type\":\"EntryPoint\",\"urlTemplate\":\"http:\/\/bousquet.expert\/?s={search_term_string}\"},\"query-input\":\"required name=search_term_string\"}],\"inLanguage\":\"fr-FR\"},{\"@type\":\"ImageObject\",\"@id\":\"http:\/\/bousquet.expert\/index.php\/contact\/#primaryimage\",\"inLanguage\":\"fr-FR\",\"url\":\"http:\/\/vps380072.ovh.net\/wp-content\/uploads\/2017\/07\/e316f544f9094143b9eac01f1f19e697.png\",\"contentUrl\":\"http:\/\/vps380072.ovh.net\/wp-content\/uploads\/2017\/07\/e316f544f9094143b9eac01f1f19e697.png\"},{\"@type\":\"WebPage\",\"@id\":\"http:\/\/bousquet.expert\/index.php\/contact\/#webpage\",\"url\":\"http:\/\/bousquet.expert\/index.php\/contact\/\",\"name\":\"CONTACT &raquo; BOUSQUET EXPERTISE BATIMENT\",\"isPartOf\":{\"@id\":\"http:\/\/bousquet.expert\/#website\"},\"primaryImageOfPage\":{\"@id\":\"http:\/\/bousquet.expert\/index.php\/contact\/#primaryimage\"},\"datePublished\":\"2022-11-16T10:45:06+00:00\",\"dateModified\":\"2023-01-11T20:00:19+00:00\",\"breadcrumb\":{\"@id\":\"http:\/\/bousquet.expert\/index.php\/contact\/#breadcrumb\"},\"inLanguage\":\"fr-FR\",\"potentialAction\":[{\"@type\":\"ReadAction\",\"target\":[\"http:\/\/bousquet.expert\/index.php\/contact\/\"]}]},{\"@type\":\"BreadcrumbList\",\"@id\":\"http:\/\/bousquet.expert\/index.php\/contact\/#breadcrumb\",\"itemListElement\":[{\"@type\":\"ListItem\",\"position\":1,\"name\":\"Accueil\",\"item\":\"http:\/\/bousquet.expert\/\"},{\"@type\":\"ListItem\",\"position\":2,\"name\":\"CONTACT\"}]}]}<\/script>\n<!-- \/ Yoast SEO plugin. -->","yoast_head_json":{"title":"CONTACT &raquo; BOUSQUET EXPERTISE BATIMENT","robots":{"index":"index","follow":"follow","max-snippet":"max-snippet:-1","max-image-preview":"max-image-preview:large","max-video-preview":"max-video-preview:-1"},"canonical":"http:\/\/bousquet.expert\/index.php\/contact\/","og_locale":"fr_FR","og_type":"article","og_title":"CONTACT &raquo; BOUSQUET EXPERTISE BATIMENT","og_description":"CONTACTEZ-moi ! Olivier BOUSQUET 6 B, rue Andr\u00e9 Roucou 24100 BERGERAC +33 6 09 58 78 63 olivier@bousquet.expert &nbsp;","og_url":"http:\/\/bousquet.expert\/index.php\/contact\/","og_site_name":"BOUSQUET EXPERTISE BATIMENT","article_publisher":"https:\/\/www.facebook.com\/BousquetExpertiseBergerac\/","article_modified_time":"2023-01-11T20:00:19+00:00","og_image":[{"url":"http:\/\/vps380072.ovh.net\/wp-content\/uploads\/2017\/07\/e316f544f9094143b9eac01f1f19e697.png"}],"twitter_card":"summary_large_image","twitter_misc":{"Dur\u00e9e de lecture estim\u00e9e":"1 minute"},"schema":{"@context":"https:\/\/schema.org","@graph":[{"@type":"Organization","@id":"http:\/\/bousquet.expert\/#organization","name":"BOUSQUET EXPERTISE","url":"http:\/\/bousquet.expert\/","sameAs":["https:\/\/www.facebook.com\/BousquetExpertiseBergerac\/","https:\/\/www.linkedin.com\/in\/bousquet-expertise-bousquet-826375124\/"],"logo":{"@type":"ImageObject","@id":"http:\/\/bousquet.expert\/#logo","inLanguage":"fr-FR","url":"http:\/\/bousquet.expert\/wp-content\/uploads\/2017\/07\/cropped-70e76d_cf9e7961eb854c03abfdac575d75ff99-mv2-1.png","contentUrl":"http:\/\/bousquet.expert\/wp-content\/uploads\/2017\/07\/cropped-70e76d_cf9e7961eb854c03abfdac575d75ff99-mv2-1.png","width":240,"height":308,"caption":"BOUSQUET EXPERTISE"},"image":{"@id":"http:\/\/bousquet.expert\/#logo"}},{"@type":"WebSite","@id":"http:\/\/bousquet.expert\/#website","url":"http:\/\/bousquet.expert\/","name":"BOUSQUET EXPERTISE B\u00e2timent","description":"Ing\u00e9nieur g\u00e9nie-civil, maintenance, s\u00e9curit\u00e9 incendie. Expert technique b\u00e2timent Dordogne - Bergerac - Bordeaux - Gironde - Lot Et Garonne - Corr\u00e8ze - Lot - Pau - Nouvelle Aquitiane","publisher":{"@id":"http:\/\/bousquet.expert\/#organization"},"potentialAction":[{"@type":"SearchAction","target":{"@type":"EntryPoint","urlTemplate":"http:\/\/bousquet.expert\/?s={search_term_string}"},"query-input":"required name=search_term_string"}],"inLanguage":"fr-FR"},{"@type":"ImageObject","@id":"http:\/\/bousquet.expert\/index.php\/contact\/#primaryimage","inLanguage":"fr-FR","url":"http:\/\/vps380072.ovh.net\/wp-content\/uploads\/2017\/07\/e316f544f9094143b9eac01f1f19e697.png","contentUrl":"http:\/\/vps380072.ovh.net\/wp-content\/uploads\/2017\/07\/e316f544f9094143b9eac01f1f19e697.png"},{"@type":"WebPage","@id":"http:\/\/bousquet.expert\/index.php\/contact\/#webpage","url":"http:\/\/bousquet.expert\/index.php\/contact\/","name":"CONTACT &raquo; BOUSQUET EXPERTISE BATIMENT","isPartOf":{"@id":"http:\/\/bousquet.expert\/#website"},"primaryImageOfPage":{"@id":"http:\/\/bousquet.expert\/index.php\/contact\/#primaryimage"},"datePublished":"2022-11-16T10:45:06+00:00","dateModified":"2023-01-11T20:00:19+00:00","breadcrumb":{"@id":"http:\/\/bousquet.expert\/index.php\/contact\/#breadcrumb"},"inLanguage":"fr-FR","potentialAction":[{"@type":"ReadAction","target":["http:\/\/bousquet.expert\/index.php\/contact\/"]}]},{"@type":"BreadcrumbList","@id":"http:\/\/bousquet.expert\/index.php\/contact\/#breadcrumb","itemListElement":[{"@type":"ListItem","position":1,"name":"Accueil","item":"http:\/\/bousquet.expert\/"},{"@type":"ListItem","position":2,"name":"CONTACT"}]}]}},"_links":{"self":[{"href":"http:\/\/bousquet.expert\/index.php\/wp-json\/wp\/v2\/pages\/45"}],"collection":[{"href":"http:\/\/bousquet.expert\/index.php\/wp-json\/wp\/v2\/pages"}],"about":[{"href":"http:\/\/bousquet.expert\/index.php\/wp-json\/wp\/v2\/types\/page"}],"author":[{"embeddable":true,"href":"http:\/\/bousquet.expert\/index.php\/wp-json\/wp\/v2\/users\/1"}],"replies":[{"embeddable":true,"href":"http:\/\/bousquet.expert\/index.php\/wp-json\/wp\/v2\/comments?post=45"}],"version-history":[{"count":10,"href":"http:\/\/bousquet.expert\/index.php\/wp-json\/wp\/v2\/pages\/45\/revisions"}],"predecessor-version":[{"id":451,"href":"http:\/\/bousquet.expert\/index.php\/wp-json\/wp\/v2\/pages\/45\/revisions\/451"}],"wp:attachment":[{"href":"http:\/\/bousquet.expert\/index.php\/wp-json\/wp\/v2\/media?parent=45"}],"curies":[{"name":"wp","href":"https:\/\/api.w.org\/{rel}","templated":true}]}}