{"id":4,"date":"2017-04-11T15:07:15","date_gmt":"2017-04-11T15:07:15","guid":{"rendered":"http:\/\/vps380072.ovh.net\/?page_id=4"},"modified":"2018-09-29T16:59:02","modified_gmt":"2018-09-29T16:59:02","slug":"accueil","status":"publish","type":"page","link":"http:\/\/bousquet.expert\/","title":{"rendered":"ACCUEIL"},"content":{"rendered":"<p style=\"text-align: center;\" align=\"center\"><b><span style=\"font-size: 28.0pt; font-family: 'MyriadPro','sans-serif';\">Vous r\u00e9novez une maison,<br \/>\nun appartement ?<\/span><\/b><\/p>\n<p style=\"text-align: center;\" align=\"center\"><b><span style=\"font-size: 20.0pt; font-family: 'MyriadPro','sans-serif';\">Avant acquisition <\/span><\/b><span style=\"font-size: 20.0pt; font-family: 'MyriadPro','sans-serif';\">ou <b>en cours de<br \/>\ntravaux<\/b>, je peux vous apporter mon<br \/>\nanalyse technique, vous conseiller et <b>vous<br \/>\nassister dans toutes les d\u00e9marches<\/b>.<b><\/b><\/span><\/p>\n<p><span style=\"font-size: 17.0pt; font-family: 'MyriadPro','sans-serif'; color: white;\">&nbsp;<\/span><\/p>\n<p style=\"text-align: center;\" align=\"center\"><b><span style=\"font-size: 28.0pt; font-family: 'MyriadPro','sans-serif';\">Un d\u00e9sordre ?<br \/>\nDes malfa\u00e7ons ?<\/span><\/b><\/p>\n<p style=\"text-align: center;\" align=\"center\"><span style=\"font-size: 20.0pt; font-family: 'MyriadPro','sans-serif';\">Une <b>expertise rigoureuse et<br \/>\nm\u00e9ticuleuse <\/b>permettra d\u2019\u00e9tablir les<br \/>\n<b>responsabilit\u00e9s \u00e9ventuelles <\/b>et les<br \/>\nmoyens de r\u00e9fection \u00e0 mettre en \u0153uvre.<\/span><\/p>\n<p style=\"text-align: center;\" align=\"center\"><span style=\"font-size: 20.0pt; font-family: 'MyriadPro','sans-serif';\">&nbsp;<\/span><\/p>\n<p style=\"text-align: center;\" align=\"center\"><b><span style=\"font-size: 28.0pt; font-family: 'MyriadPro','sans-serif';\">Un sinistre ?<br \/>\nUn contentieux ?<\/span><\/b><\/p>\n<p style=\"text-align: center;\" align=\"center\"><span style=\"font-size: 20.0pt; font-family: 'MyriadPro','sans-serif';\">Je peux vous accompagner, vous conseiller<br \/>\net vous assister, en tant qu\u2019<b>expert<br \/>\nd\u2019assur\u00e9<\/b>, lors de l\u2019expertise de votre<br \/>\nsinistre par votre assureur.<\/span><\/p>\n<p><img decoding=\"async\" loading=\"lazy\" class=\"wp-image-226 alignright\" src=\"http:\/\/bousquet.expert\/wp-content\/uploads\/2017\/12\/LOGO-IPF.jpg\" alt=\"\" width=\"105\" height=\"106\" srcset=\"http:\/\/bousquet.expert\/wp-content\/uploads\/2017\/12\/LOGO-IPF.jpg 209w, http:\/\/bousquet.expert\/wp-content\/uploads\/2017\/12\/LOGO-IPF-150x150.jpg 150w\" sizes=\"(max-width: 105px) 100vw, 105px\" \/><\/p>\n","protected":false},"excerpt":{"rendered":"<div class=\"slide-text-bg2\"><span>Vous r\u00e9novez une maison, un appartement ? Avant acquisition ou en cours de travaux, je peux vous apporter mon analyse technique, vous conseiller et vous a<\/span><\/div>\n<div class=\"slide-btn-area-sm\"><a href=\"http:\/\/bousquet.expert\/\" class=\"slide-btn-sm\">Lire la suite<\/a><\/div>\n","protected":false},"author":1,"featured_media":0,"parent":0,"menu_order":0,"comment_status":"closed","ping_status":"closed","template":"","meta":{"_mi_skip_tracking":false,"ngg_post_thumbnail":0,"spay_email":""},"yoast_head":"<!-- This site is optimized with the Yoast SEO plugin v18.4.1 - https:\/\/yoast.com\/wordpress\/plugins\/seo\/ -->\n<title>ACCUEIL &raquo; BOUSQUET EXPERTISE BATIMENT<\/title>\n<meta name=\"robots\" content=\"index, follow, max-snippet:-1, max-image-preview:large, max-video-preview:-1\" \/>\n<link rel=\"canonical\" href=\"http:\/\/bousquet.expert\/\" \/>\n<meta property=\"og:locale\" content=\"fr_FR\" \/>\n<meta property=\"og:type\" content=\"article\" \/>\n<meta property=\"og:title\" content=\"ACCUEIL &raquo; BOUSQUET EXPERTISE BATIMENT\" \/>\n<meta property=\"og:description\" content=\"Vous r\u00e9novez une maison, un appartement ? Avant acquisition ou en cours de travaux, je peux vous apporter mon analyse technique, vous conseiller et vous aLire la suite\" \/>\n<meta property=\"og:url\" content=\"http:\/\/bousquet.expert\/\" \/>\n<meta property=\"og:site_name\" content=\"BOUSQUET EXPERTISE BATIMENT\" \/>\n<meta property=\"article:publisher\" content=\"https:\/\/www.facebook.com\/BousquetExpertiseBergerac\/\" \/>\n<meta property=\"article:modified_time\" content=\"2018-09-29T16:59:02+00:00\" \/>\n<meta property=\"og:image\" content=\"http:\/\/bousquet.expert\/wp-content\/uploads\/2017\/12\/LOGO-IPF.jpg\" \/>\n<meta name=\"twitter:card\" content=\"summary_large_image\" \/>\n<script type=\"application\/ld+json\" class=\"yoast-schema-graph\">{\"@context\":\"https:\/\/schema.org\",\"@graph\":[{\"@type\":\"Organization\",\"@id\":\"http:\/\/bousquet.expert\/#organization\",\"name\":\"BOUSQUET EXPERTISE\",\"url\":\"http:\/\/bousquet.expert\/\",\"sameAs\":[\"https:\/\/www.facebook.com\/BousquetExpertiseBergerac\/\",\"https:\/\/www.linkedin.com\/in\/bousquet-expertise-bousquet-826375124\/\"],\"logo\":{\"@type\":\"ImageObject\",\"@id\":\"http:\/\/bousquet.expert\/#logo\",\"inLanguage\":\"fr-FR\",\"url\":\"http:\/\/bousquet.expert\/wp-content\/uploads\/2017\/07\/cropped-70e76d_cf9e7961eb854c03abfdac575d75ff99-mv2-1.png\",\"contentUrl\":\"http:\/\/bousquet.expert\/wp-content\/uploads\/2017\/07\/cropped-70e76d_cf9e7961eb854c03abfdac575d75ff99-mv2-1.png\",\"width\":240,\"height\":308,\"caption\":\"BOUSQUET EXPERTISE\"},\"image\":{\"@id\":\"http:\/\/bousquet.expert\/#logo\"}},{\"@type\":\"WebSite\",\"@id\":\"http:\/\/bousquet.expert\/#website\",\"url\":\"http:\/\/bousquet.expert\/\",\"name\":\"BOUSQUET EXPERTISE B\u00e2timent\",\"description\":\"Ing\u00e9nieur g\u00e9nie-civil, maintenance, s\u00e9curit\u00e9 incendie. Expert technique b\u00e2timent Dordogne - Bergerac - Bordeaux - Gironde - Lot Et Garonne - Corr\u00e8ze - Lot - Pau - Nouvelle Aquitiane\",\"publisher\":{\"@id\":\"http:\/\/bousquet.expert\/#organization\"},\"potentialAction\":[{\"@type\":\"SearchAction\",\"target\":{\"@type\":\"EntryPoint\",\"urlTemplate\":\"http:\/\/bousquet.expert\/?s={search_term_string}\"},\"query-input\":\"required name=search_term_string\"}],\"inLanguage\":\"fr-FR\"},{\"@type\":\"ImageObject\",\"@id\":\"http:\/\/bousquet.expert\/#primaryimage\",\"inLanguage\":\"fr-FR\",\"url\":\"http:\/\/bousquet.expert\/wp-content\/uploads\/2017\/12\/LOGO-IPF.jpg\",\"contentUrl\":\"http:\/\/bousquet.expert\/wp-content\/uploads\/2017\/12\/LOGO-IPF.jpg\",\"width\":209,\"height\":211,\"caption\":\"LOGO IPF Olivier Bousquet ing\u00e9nieur professionnel de France\"},{\"@type\":\"WebPage\",\"@id\":\"http:\/\/bousquet.expert\/#webpage\",\"url\":\"http:\/\/bousquet.expert\/\",\"name\":\"ACCUEIL &raquo; BOUSQUET EXPERTISE BATIMENT\",\"isPartOf\":{\"@id\":\"http:\/\/bousquet.expert\/#website\"},\"primaryImageOfPage\":{\"@id\":\"http:\/\/bousquet.expert\/#primaryimage\"},\"datePublished\":\"2017-04-11T15:07:15+00:00\",\"dateModified\":\"2018-09-29T16:59:02+00:00\",\"breadcrumb\":{\"@id\":\"http:\/\/bousquet.expert\/#breadcrumb\"},\"inLanguage\":\"fr-FR\",\"potentialAction\":[{\"@type\":\"ReadAction\",\"target\":[\"http:\/\/bousquet.expert\/\"]}]},{\"@type\":\"BreadcrumbList\",\"@id\":\"http:\/\/bousquet.expert\/#breadcrumb\",\"itemListElement\":[{\"@type\":\"ListItem\",\"position\":1,\"name\":\"Accueil\",\"item\":\"http:\/\/bousquet.expert\/\"},{\"@type\":\"ListItem\",\"position\":2,\"name\":\"ACCUEIL\"}]}]}<\/script>\n<!-- \/ Yoast SEO plugin. -->","yoast_head_json":{"title":"ACCUEIL &raquo; BOUSQUET EXPERTISE BATIMENT","robots":{"index":"index","follow":"follow","max-snippet":"max-snippet:-1","max-image-preview":"max-image-preview:large","max-video-preview":"max-video-preview:-1"},"canonical":"http:\/\/bousquet.expert\/","og_locale":"fr_FR","og_type":"article","og_title":"ACCUEIL &raquo; BOUSQUET EXPERTISE BATIMENT","og_description":"Vous r\u00e9novez une maison, un appartement ? Avant acquisition ou en cours de travaux, je peux vous apporter mon analyse technique, vous conseiller et vous aLire la suite","og_url":"http:\/\/bousquet.expert\/","og_site_name":"BOUSQUET EXPERTISE BATIMENT","article_publisher":"https:\/\/www.facebook.com\/BousquetExpertiseBergerac\/","article_modified_time":"2018-09-29T16:59:02+00:00","og_image":[{"url":"http:\/\/bousquet.expert\/wp-content\/uploads\/2017\/12\/LOGO-IPF.jpg"}],"twitter_card":"summary_large_image","schema":{"@context":"https:\/\/schema.org","@graph":[{"@type":"Organization","@id":"http:\/\/bousquet.expert\/#organization","name":"BOUSQUET EXPERTISE","url":"http:\/\/bousquet.expert\/","sameAs":["https:\/\/www.facebook.com\/BousquetExpertiseBergerac\/","https:\/\/www.linkedin.com\/in\/bousquet-expertise-bousquet-826375124\/"],"logo":{"@type":"ImageObject","@id":"http:\/\/bousquet.expert\/#logo","inLanguage":"fr-FR","url":"http:\/\/bousquet.expert\/wp-content\/uploads\/2017\/07\/cropped-70e76d_cf9e7961eb854c03abfdac575d75ff99-mv2-1.png","contentUrl":"http:\/\/bousquet.expert\/wp-content\/uploads\/2017\/07\/cropped-70e76d_cf9e7961eb854c03abfdac575d75ff99-mv2-1.png","width":240,"height":308,"caption":"BOUSQUET EXPERTISE"},"image":{"@id":"http:\/\/bousquet.expert\/#logo"}},{"@type":"WebSite","@id":"http:\/\/bousquet.expert\/#website","url":"http:\/\/bousquet.expert\/","name":"BOUSQUET EXPERTISE B\u00e2timent","description":"Ing\u00e9nieur g\u00e9nie-civil, maintenance, s\u00e9curit\u00e9 incendie. Expert technique b\u00e2timent Dordogne - Bergerac - Bordeaux - Gironde - Lot Et Garonne - Corr\u00e8ze - Lot - Pau - Nouvelle Aquitiane","publisher":{"@id":"http:\/\/bousquet.expert\/#organization"},"potentialAction":[{"@type":"SearchAction","target":{"@type":"EntryPoint","urlTemplate":"http:\/\/bousquet.expert\/?s={search_term_string}"},"query-input":"required name=search_term_string"}],"inLanguage":"fr-FR"},{"@type":"ImageObject","@id":"http:\/\/bousquet.expert\/#primaryimage","inLanguage":"fr-FR","url":"http:\/\/bousquet.expert\/wp-content\/uploads\/2017\/12\/LOGO-IPF.jpg","contentUrl":"http:\/\/bousquet.expert\/wp-content\/uploads\/2017\/12\/LOGO-IPF.jpg","width":209,"height":211,"caption":"LOGO IPF Olivier Bousquet ing\u00e9nieur professionnel de France"},{"@type":"WebPage","@id":"http:\/\/bousquet.expert\/#webpage","url":"http:\/\/bousquet.expert\/","name":"ACCUEIL &raquo; BOUSQUET EXPERTISE BATIMENT","isPartOf":{"@id":"http:\/\/bousquet.expert\/#website"},"primaryImageOfPage":{"@id":"http:\/\/bousquet.expert\/#primaryimage"},"datePublished":"2017-04-11T15:07:15+00:00","dateModified":"2018-09-29T16:59:02+00:00","breadcrumb":{"@id":"http:\/\/bousquet.expert\/#breadcrumb"},"inLanguage":"fr-FR","potentialAction":[{"@type":"ReadAction","target":["http:\/\/bousquet.expert\/"]}]},{"@type":"BreadcrumbList","@id":"http:\/\/bousquet.expert\/#breadcrumb","itemListElement":[{"@type":"ListItem","position":1,"name":"Accueil","item":"http:\/\/bousquet.expert\/"},{"@type":"ListItem","position":2,"name":"ACCUEIL"}]}]}},"_links":{"self":[{"href":"http:\/\/bousquet.expert\/index.php\/wp-json\/wp\/v2\/pages\/4"}],"collection":[{"href":"http:\/\/bousquet.expert\/index.php\/wp-json\/wp\/v2\/pages"}],"about":[{"href":"http:\/\/bousquet.expert\/index.php\/wp-json\/wp\/v2\/types\/page"}],"author":[{"embeddable":true,"href":"http:\/\/bousquet.expert\/index.php\/wp-json\/wp\/v2\/users\/1"}],"replies":[{"embeddable":true,"href":"http:\/\/bousquet.expert\/index.php\/wp-json\/wp\/v2\/comments?post=4"}],"version-history":[{"count":31,"href":"http:\/\/bousquet.expert\/index.php\/wp-json\/wp\/v2\/pages\/4\/revisions"}],"predecessor-version":[{"id":362,"href":"http:\/\/bousquet.expert\/index.php\/wp-json\/wp\/v2\/pages\/4\/revisions\/362"}],"wp:attachment":[{"href":"http:\/\/bousquet.expert\/index.php\/wp-json\/wp\/v2\/media?parent=4"}],"curies":[{"name":"wp","href":"https:\/\/api.w.org\/{rel}","templated":true}]}}